{"id":67,"date":"2012-12-22T11:40:13","date_gmt":"2012-12-22T10:40:13","guid":{"rendered":"http:\/\/test.gegenstein.de\/?page_id=67"},"modified":"2024-07-08T13:05:18","modified_gmt":"2024-07-08T11:05:18","slug":"termine","status":"publish","type":"page","link":"http:\/\/gegenstein.de\/?page_id=67","title":{"rendered":"Termine"},"content":{"rendered":"<p>Ausstellung ZEITENWENDE<br \/>\n19.01.2024 bis 19.02.2024<br \/>\nKulturhaus Gubin, Galerie Radusz<br \/>\n<a href=\"http:\/\/gegenstein.de\/wp-content\/uploads\/2023\/12\/Plakat-wende-1-2024-scaled.jpg\"><img loading=\"lazy\" decoding=\"async\" class=\"alignleft wp-image-1629 size-large\" src=\"http:\/\/gegenstein.de\/wp-content\/uploads\/2023\/12\/Plakat-wende-1-2024-724x1024.jpg\" alt=\"Zeitenwende\" width=\"510\" height=\"721\" srcset=\"http:\/\/gegenstein.de\/wp-content\/uploads\/2023\/12\/Plakat-wende-1-2024-724x1024.jpg 724w, http:\/\/gegenstein.de\/wp-content\/uploads\/2023\/12\/Plakat-wende-1-2024-212x300.jpg 212w, http:\/\/gegenstein.de\/wp-content\/uploads\/2023\/12\/Plakat-wende-1-2024-768x1086.jpg 768w, http:\/\/gegenstein.de\/wp-content\/uploads\/2023\/12\/Plakat-wende-1-2024-1086x1536.jpg 1086w, http:\/\/gegenstein.de\/wp-content\/uploads\/2023\/12\/Plakat-wende-1-2024-1448x2048.jpg 1448w, http:\/\/gegenstein.de\/wp-content\/uploads\/2023\/12\/Plakat-wende-1-2024-scaled.jpg 1810w\" sizes=\"auto, (max-width: 510px) 100vw, 510px\" \/><\/a><\/p>\n<p>&nbsp;<br \/>\n&#8230;&#8230;&#8230;&#8230;&#8230;&#8230;&#8230;&#8230;&#8230;&#8230;&#8230;&#8230;&#8230;&#8230;&#8230;&#8230;&#8230;&#8230;&#8230;&#8230;&#8230;&#8230;&#8230;&#8230;&#8230;&#8230;&#8230;&#8230;&#8230;&#8230;&#8230;&#8230;&#8230;&#8230;&#8230;&#8230;&#8230;&#8230;&#8230;&#8230;&#8230;&#8230;&#8230;&#8230;&#8230;&#8230;&#8230;&#8230;<br \/>\n&nbsp;<\/p>\n<h2 style=\"text-align: center;\"><strong>XXV Internationale Rosa-Luxemburg Konferenz<\/strong><\/h2>\n<p style=\"text-align: center;\">11.Januar 2020<\/p>\n<p style=\"text-align: center;\"><a href=\"https:\/\/www.rosa-luxemburg-konferenz.de\/de\/2020\" target=\"_blank\" rel=\"noopener noreferrer\">https:\/\/www.rosa-luxemburg-konferenz.de\/de\/2020<\/a><\/p>\n<p>&#8230;&#8230;&#8230;&#8230;&#8230;&#8230;&#8230;&#8230;&#8230;&#8230;&#8230;&#8230;&#8230;&#8230;&#8230;&#8230;&#8230;&#8230;&#8230;&#8230;&#8230;&#8230;&#8230;&#8230;&#8230;&#8230;&#8230;&#8230;&#8230;&#8230;&#8230;&#8230;&#8230;&#8230;&#8230;&#8230;&#8230;&#8230;&#8230;&#8230;&#8230;&#8230;&#8230;&#8230;&#8230;&#8230;&#8230;&#8230;<\/p>\n<p><a href=\"http:\/\/gegenstein.de\/wp-content\/uploads\/2012\/12\/Karte-Berlin_einzeln.jpg\"><img loading=\"lazy\" decoding=\"async\" class=\"alignleft size-full wp-image-613\" title=\"Murphys Law, Berlin\" src=\"http:\/\/gegenstein.de\/wp-content\/uploads\/2012\/12\/Karte-Berlin_einzeln.jpg\" alt=\"Einladung zu EAGL Gallery - Murphy\u00b4s Law\" width=\"480\" height=\"682\" align=\"left\" hspace=\"9\" vspace=\"9\" srcset=\"http:\/\/gegenstein.de\/wp-content\/uploads\/2012\/12\/Karte-Berlin_einzeln.jpg 480w, http:\/\/gegenstein.de\/wp-content\/uploads\/2012\/12\/Karte-Berlin_einzeln-211x300.jpg 211w\" sizes=\"auto, (max-width: 480px) 100vw, 480px\" \/><\/a><\/p>\n<div id=\"attachment_456\" style=\"width: 496px\" class=\"wp-caption alignleft\"><a href=\"http:\/\/gegenstein.de\/wp-content\/uploads\/2013\/05\/Einladungskarte-Berlin-hoch.jpg\"><img loading=\"lazy\" decoding=\"async\" aria-describedby=\"caption-attachment-456\" class=\"size-full wp-image-456\" title=\"Einladung Bagl und EAGL Gallery 2013\" src=\"http:\/\/gegenstein.de\/wp-content\/uploads\/2013\/05\/Einladungskarte-Berlin-hoch.jpg\" alt=\"Einladung Bagl und EAGL Gallery 2013\" width=\"486\" height=\"692\" align=\"left\" hspace=\"1\" vspace=\"9\" srcset=\"http:\/\/gegenstein.de\/wp-content\/uploads\/2013\/05\/Einladungskarte-Berlin-hoch.jpg 486w, http:\/\/gegenstein.de\/wp-content\/uploads\/2013\/05\/Einladungskarte-Berlin-hoch-210x300.jpg 210w\" sizes=\"auto, (max-width: 486px) 100vw, 486px\" \/><\/a><p id=\"caption-attachment-456\" class=\"wp-caption-text\">Einladung zu Klaus Stein in Bagl und EAGL Gallery 2013<\/p><\/div>\n<p>&nbsp;<\/p>\n<p>&nbsp;<\/p>\n<p>&nbsp;<\/p>\n<p><strong>Z\u00fcndstoff in der KulturKneipe f24<br \/>\n<\/strong><\/p>\n<p>Frauenstra\u00dfe 24<br \/>\n48143 M\u00fcnster<\/p>\n<p>01.02.2013&nbsp; &#8211;&nbsp; 28.02.2013<\/p>\n<div id=\"attachment_188\" style=\"width: 222px\" class=\"wp-caption alignright\"><a href=\"http:\/\/gegenstein.de\/wp-content\/uploads\/2012\/12\/PlakatF24_x.jpg\"><img loading=\"lazy\" decoding=\"async\" aria-describedby=\"caption-attachment-188\" class=\"size-medium wp-image-188\" title=\"Plakat f24\" src=\"http:\/\/gegenstein.de\/wp-content\/uploads\/2012\/12\/PlakatF24_x-212x300.jpg\" alt=\"Plakat f24\" width=\"212\" height=\"300\" align=\"right\" hspace=\"9\" vspace=\"5\" srcset=\"http:\/\/gegenstein.de\/wp-content\/uploads\/2012\/12\/PlakatF24_x-212x300.jpg 212w, http:\/\/gegenstein.de\/wp-content\/uploads\/2012\/12\/PlakatF24_x-723x1024.jpg 723w, http:\/\/gegenstein.de\/wp-content\/uploads\/2012\/12\/PlakatF24_x.jpg 1181w\" sizes=\"auto, (max-width: 212px) 100vw, 212px\" \/><\/a><p id=\"caption-attachment-188\" class=\"wp-caption-text\">Ausstellung Z\u00fcndstoff, Kulturkneipe f24, M\u00fcnster<\/p><\/div>\n<p>Nach dem Ausstellungserfolg der K\u00fcnstlergruppe Z\u00fcndstoff im Sommer 2012 auf der B-Side des M\u00fcnsteraner Hafens, geht\u2019s nun gewohnt kritisch und provokativ weiter. Die F 24 bietet daf\u00fcr mit ihrem kulturpolitischen Engagement die passende Atmosph\u00e4re (<a href=\"http:\/\/www.f24-kultur.de\" target=\"_blank\" rel=\"noopener noreferrer\">www.f24-kultur.de<\/a>).<\/p>\n<p>Die drei K\u00fcnstler der Gruppe Z\u00fcndstoff (<a href=\"http:\/\/zuendstoff.com.de\/wolfgang-brecklinghaus\" target=\"_blank\" rel=\"noopener noreferrer\">Maria Magdalena Lippert<\/a>, <a href=\"http:\/\/zuendstoff.com.de\/sascha-unger\" target=\"_blank\" rel=\"noopener noreferrer\">Sascha Unger<\/a> und <a href=\"http:\/\/zuendstoff.com.de\/klaus-stein\" target=\"_blank\" rel=\"noopener noreferrer\">Klaus Stein<\/a>) eint die kompromisslose Haltung, k\u00fcnstlerisch das zu erarbeiten und in ihrem Sinne umzusetzen, was sie f\u00fcr richtig halten und sich dabei in ihren Aussagen weder einschr\u00e4nken noch zensieren zu lassen. Mit Objekten, Malerei und Installationen werden aktuelle Themen, die die Menschen ber\u00fchren, kritisch und provokativ in Szene gesetzt und als Einladung zur Kommunikation verstanden. Im Vordergrund stehen dabei der Traum von einer besseren, sozialeren Welt und der Spa\u00df an der gemeinsamen k\u00fcnstlerischen Arbeit.<\/p>\n<p>Ausstellungser\u00f6ffnung: 01.02.2013 um 19.00 Uhr in der Frauenstra\u00dfe 24 in M\u00fcnster f\u00fcr alle, die Z\u00fcndstoff live erleben wollen. Die Ausstellung endet mit einer Finissage am 28.02.2013.<\/p>\n","protected":false},"excerpt":{"rendered":"<p>Ausstellung ZEITENWENDE 19.01.2024 bis 19.02.2024 Kulturhaus Gubin, Galerie Radusz &nbsp; &#8230;&#8230;&#8230;&#8230;&#8230;&#8230;&#8230;&#8230;&#8230;&#8230;&#8230;&#8230;&#8230;&#8230;&#8230;&#8230;&#8230;&#8230;&#8230;&#8230;&#8230;&#8230;&#8230;&#8230;&#8230;&#8230;&#8230;&#8230;&#8230;&#8230;&#8230;&#8230;&#8230;&#8230;&#8230;&#8230;&#8230;&#8230;&#8230;&#8230;&#8230;&#8230;&#8230;&#8230;&#8230;&#8230;&#8230;&#8230; &nbsp; XXV Internationale Rosa-Luxemburg Konferenz 11.Januar 2020 https:\/\/www.rosa-luxemburg-konferenz.de\/de\/2020 &#8230;&#8230;&#8230;&#8230;&#8230;&#8230;&#8230;&#8230;&#8230;&#8230;&#8230;&#8230;&#8230;&#8230;&#8230;&#8230;&#8230;&#8230;&#8230;&#8230;&#8230;&#8230;&#8230;&#8230;&#8230;&#8230;&#8230;&#8230;&#8230;&#8230;&#8230;&#8230;&#8230;&#8230;&#8230;&#8230;&#8230;&#8230;&#8230;&#8230;&#8230;&#8230;&#8230;&#8230;&#8230;&#8230;&#8230;&#8230; &nbsp; &nbsp; &nbsp; Z\u00fcndstoff in der KulturKneipe f24 Frauenstra\u00dfe 24 48143 M\u00fcnster 01.02.2013&nbsp; &#8211;&nbsp; 28.02.2013 Nach dem Ausstellungserfolg der K\u00fcnstlergruppe Z\u00fcndstoff im Sommer 2012 auf der B-Side des M\u00fcnsteraner Hafens, geht\u2019s nun gewohnt kritisch und [&hellip;]<\/p>\n","protected":false},"author":1,"featured_media":0,"parent":0,"menu_order":2,"comment_status":"open","ping_status":"open","template":"","meta":{"ngg_post_thumbnail":0,"footnotes":""},"class_list":["post-67","page","type-page","status-publish","hentry"],"_links":{"self":[{"href":"http:\/\/gegenstein.de\/index.php?rest_route=\/wp\/v2\/pages\/67","targetHints":{"allow":["GET"]}}],"collection":[{"href":"http:\/\/gegenstein.de\/index.php?rest_route=\/wp\/v2\/pages"}],"about":[{"href":"http:\/\/gegenstein.de\/index.php?rest_route=\/wp\/v2\/types\/page"}],"author":[{"embeddable":true,"href":"http:\/\/gegenstein.de\/index.php?rest_route=\/wp\/v2\/users\/1"}],"replies":[{"embeddable":true,"href":"http:\/\/gegenstein.de\/index.php?rest_route=%2Fwp%2Fv2%2Fcomments&post=67"}],"version-history":[{"count":26,"href":"http:\/\/gegenstein.de\/index.php?rest_route=\/wp\/v2\/pages\/67\/revisions"}],"predecessor-version":[{"id":1704,"href":"http:\/\/gegenstein.de\/index.php?rest_route=\/wp\/v2\/pages\/67\/revisions\/1704"}],"wp:attachment":[{"href":"http:\/\/gegenstein.de\/index.php?rest_route=%2Fwp%2Fv2%2Fmedia&parent=67"}],"curies":[{"name":"wp","href":"https:\/\/api.w.org\/{rel}","templated":true}]}}