{"id":1219,"date":"2018-05-24T06:37:00","date_gmt":"2018-05-24T05:37:00","guid":{"rendered":"http:\/\/gegenstein.de\/?page_id=1219"},"modified":"2018-05-24T06:37:14","modified_gmt":"2018-05-24T05:37:14","slug":"datenschutz","status":"publish","type":"page","link":"http:\/\/gegenstein.de\/?page_id=1219","title":{"rendered":"Datenschutz"},"content":{"rendered":"<h1 class=\"western\">Datenschutzerkl\u00e4rung<\/h1>\n<h2 class=\"western\">1) Information \u00fcber die Erhebung personenbezogener Daten und Kontaktdaten des Verantwortlichen<\/h2>\n<p><b>1.1<\/b>\u2009Wir freuen uns, dass Sie unsere Website besuchen und bedanken uns f\u00fcr Ihr Interesse. Im Folgenden informieren wir Sie \u00fcber den Umgang mit Ihren personenbezogenen Daten bei Nutzung unserer Website. Personenbezogene Daten sind hierbei alle Daten, mit denen Sie pers\u00f6nlich identifiziert werden k\u00f6nnen.<\/p>\n<p><b>1.2<\/b>\u2009Verantwortlicher f\u00fcr die Datenverarbeitung auf dieser Website im Sinne der Datenschutz-Grundverordnung (DSGVO) ist Klaus Stein, Reicherskreuz 16, 03172 Schenkend\u00f6bern, Deutschland, Tel.: 0033671 \u2013 599758, E-Mail: info@gegenstein.de. Der f\u00fcr die Verarbeitung von personenbezogenen Daten Verantwortliche ist diejenige nat\u00fcrliche oder juristische Person, die allein oder gemeinsam mit anderen \u00fcber die Zwecke und Mittel der Verarbeitung von personenbezogenen Daten entscheidet.<\/p>\n<h2 class=\"western\">2) Datenerfassung beim Besuch unserer Website<\/h2>\n<p>Bei der blo\u00df informatorischen Nutzung unserer Website, also wenn Sie sich nicht registrieren oder uns anderweitig Informationen \u00fcbermitteln, erheben wir nur solche Daten, die Ihr Browser an unseren Server \u00fcbermittelt (sog. \u201eServer-Logfiles\u201c). Wenn Sie unsere Website aufrufen, erheben wir die folgenden Daten, die f\u00fcr uns technisch erforderlich sind, um Ihnen die Website anzuzeigen:<\/p>\n<ul>\n<li>Unsere besuchte Website<\/li>\n<li>Datum und Uhrzeit zum Zeitpunkt des Zugriffes<\/li>\n<li>Menge der gesendeten Daten in Byte<\/li>\n<li>Quelle\/Verweis, von welchem Sie auf die Seite gelangten<\/li>\n<li>Verwendeter Browser<\/li>\n<li>Verwendetes Betriebssystem<\/li>\n<li>Verwendete IP-Adresse (ggf.: in anonymisierter Form)<\/li>\n<\/ul>\n<p>Die Verarbeitung erfolgt gem\u00e4\u00df Art. 6 Abs. 1 lit. f DSGVO auf Basis unseres berechtigten Interesses an der Verbesserung der Stabilit\u00e4t und Funktionalit\u00e4t unserer Website. Eine Weitergabe oder anderweitige Verwendung der Daten findet nicht statt. Wir behalten uns allerdings vor, die Server-Logfiles nachtr\u00e4glich zu \u00fcberpr\u00fcfen, sollten konkrete Anhaltspunkte auf eine rechtswidrige Nutzung hinweisen.<\/p>\n<h2 class=\"western\">3) Cookies<\/h2>\n<p>Um den Besuch unserer Website attraktiv zu gestalten und die Nutzung bestimmter Funktionen zu erm\u00f6glichen, verwenden wir auf verschiedenen Seiten sogenannte Cookies. Hierbei handelt es sich um kleine Textdateien, die auf Ihrem Endger\u00e4t abgelegt werden. Einige der von uns verwendeten Cookies werden nach dem Ende der Browser-Sitzung, also nach Schlie\u00dfen Ihres Browsers, wieder gel\u00f6scht (sog. Sitzungs-Cookies). Andere Cookies verbleiben auf Ihrem Endger\u00e4t und erm\u00f6glichen uns oder unseren Partnerunternehmen (Cookies von Drittanbietern), Ihren Browser beim n\u00e4chsten Besuch wieder zu erkennen (persistente Cookies). Werden Cookies gesetzt, erheben und verarbeiten diese im individuellen Umfang bestimmte Nutzerinformationen wie Browser- und Standortdaten sowie IP-Adresswerte. Persistente Cookies werden automatisiert nach einer vorgegebenen Dauer gel\u00f6scht, die sich je nach Cookie unterscheiden kann.<\/p>\n<p>Teilweise dienen die Cookies dazu, durch Speicherung von Einstellungen den Bestellprozess zu vereinfachen (z.B. Merken des Inhalts eines virtuellen Warenkorbs f\u00fcr einen sp\u00e4teren Besuch auf der Website). Sofern durch einzelne von uns implementierte Cookies auch personenbezogene Daten verarbeitet werden, erfolgt die Verarbeitung gem\u00e4\u00df Art. 6 Abs. 1 lit. b DSGVO entweder zur Durchf\u00fchrung des Vertrages oder gem\u00e4\u00df Art. 6 Abs. 1 lit. f DSGVO zur Wahrung unserer berechtigten Interessen an der bestm\u00f6glichen Funktionalit\u00e4t der Website sowie einer kundenfreundlichen und effektiven Ausgestaltung des Seitenbesuchs.<\/p>\n<p>Wir arbeiten unter Umst\u00e4nden mit Werbepartnern zusammen, die uns helfen, unser Internetangebot f\u00fcr Sie interessanter zu gestalten. Zu diesem Zweck werden f\u00fcr diesen Fall bei Ihrem Besuch unserer Website auch Cookies von Partnerunternehmen auf Ihrer Festplatte gespeichert (Cookies von Drittanbietern). Wenn wir mit vorbenannten Werbepartnern zusammenarbeiten, werden Sie \u00fcber den Einsatz derartiger Cookies und den Umfang der jeweils erhobenen Informationen innerhalb der nachstehenden Abs\u00e4tze individuell und gesondert informiert.<\/p>\n<p>Bitte beachten Sie, dass Sie Ihren Browser so einstellen k\u00f6nnen, dass Sie \u00fcber das Setzen von Cookies informiert werden und einzeln \u00fcber deren Annahme entscheiden oder die Annahme von Cookies f\u00fcr bestimmte F\u00e4lle oder generell ausschlie\u00dfen k\u00f6nnen. Jeder Browser unterscheidet sich in der Art, wie er die Cookie-Einstellungen verwaltet. Diese ist in dem Hilfemen\u00fc jedes Browsers beschrieben, welches Ihnen erl\u00e4utert, wie Sie Ihre Cookie-Einstellungen \u00e4ndern k\u00f6nnen. Diese finden Sie f\u00fcr die jeweiligen Browser unter den folgenden Links:<\/p>\n<p>Internet Explorer: https:\/\/support.microsoft.com\/de-de\/help\/17442\/windows-internet-explorer-delete-manage-cookies<br \/>\nFirefox: https:\/\/support.mozilla.org\/de\/kb\/cookies-erlauben-und-ablehnen<br \/>\nChrome: https:\/\/support.google.com\/chrome\/answer\/95647?hl=de&amp;hlrm=en<br \/>\nSafari: https:\/\/support.apple.com\/kb\/ph21411?locale=de_DE<br \/>\nOpera: http:\/\/help.opera.com\/Windows\/10.20\/de\/cookies.html<\/p>\n<p>Bitte beachten Sie, dass bei Nichtannahme von Cookies die Funktionalit\u00e4t unserer Website eingeschr\u00e4nkt sein kann.<\/p>\n<h2 class=\"western\">4) Kontaktaufnahme<\/h2>\n<p>Im Rahmen der Kontaktaufnahme mit uns (z.B. per Kontaktformular oder E-Mail) werden personenbezogene Daten erhoben. Welche Daten im Falle eines Kontaktformulars erhoben werden, ist aus dem jeweiligen Kontaktformular ersichtlich. Diese Daten werden ausschlie\u00dflich zum Zweck der Beantwortung Ihres Anliegens bzw. f\u00fcr die Kontaktaufnahme und die damit verbundene technische Administration gespeichert und verwendet. Rechtsgrundlage f\u00fcr die Verarbeitung der Daten ist unser berechtigtes Interesse an der Beantwortung Ihres Anliegens gem\u00e4\u00df Art. 6 Abs. 1 lit. f DSGVO. Zielt Ihre Kontaktierung auf den Abschluss eines Vertrages ab, so ist zus\u00e4tzliche Rechtsgrundlage f\u00fcr die Verarbeitung Art. 6 Abs. 1 lit. b DSGVO. Ihre Daten werden nach abschlie\u00dfender Bearbeitung Ihrer Anfrage gel\u00f6scht, dies ist der Fall, wenn sich aus den Umst\u00e4nden entnehmen l\u00e4sst, dass der betroffene Sachverhalt abschlie\u00dfend gekl\u00e4rt ist und sofern keine gesetzlichen Aufbewahrungspflichten entgegenstehen.<\/p>\n<h2 class=\"western\">5) Datenverarbeitung bei Er\u00f6ffnung eines Kundenkontos und zur Vertragsabwicklung<\/h2>\n<p>Gem\u00e4\u00df Art. 6 Abs. 1 lit. b DSGVO werden personenbezogene Daten weiterhin erhoben und verarbeitet, wenn Sie uns diese zur Durchf\u00fchrung eines Vertrages oder bei der Er\u00f6ffnung eines Kundenkontos mitteilen. Welche Daten erhoben werden, ist aus den jeweiligen Eingabeformularen ersichtlich. Eine L\u00f6schung Ihres Kundenkontos ist jederzeit m\u00f6glich und kann durch eine Nachricht an die o.g. Adresse des Verantwortlichen erfolgen. Wir speichern und verwenden die von Ihnen mitgeteilten Daten zur Vertragsabwicklung. Nach vollst\u00e4ndiger Abwicklung des Vertrages oder L\u00f6schung Ihres Kundenkontos werden Ihre Daten mit R\u00fccksicht auf steuer- und handelsrechtliche Aufbewahrungsfristen gesperrt und nach Ablauf dieser Fristen gel\u00f6scht, sofern Sie nicht ausdr\u00fccklich in eine weitere Nutzung Ihrer Daten eingewilligt haben oder eine gesetzlich erlaubte weitere Datenverwendung von unserer Seite vorbehalten wurde, \u00fcber die wir Sie nachstehend entsprechend informieren.<\/p>\n<h2 class=\"western\">6) Online-Marketing<\/h2>\n<p>Einsatz von Google AdWords Conversion-Tracking<\/p>\n<p>Diese Website nutzt das Online-Werbeprogramm &#8222;Google AdWords&#8220; und im Rahmen von Google AdWords das Conversion-Tracking der Google LLC., 1600 Amphitheatre Parkway, Mountain View, CA 94043, USA (\u201eGoogle\u201c). Wir nutzen das Angebot von Google Adwords, um mit Hilfe von Werbemitteln (sogenannten Google Adwords) auf externen Webseiten auf unsere attraktiven Angebote aufmerksam zu machen. Wir k\u00f6nnen in Relation zu den Daten der Werbekampagnen ermitteln, wie erfolgreich die einzelnen Werbema\u00dfnahmen sind. Wir verfolgen damit das Interesse, Ihnen Werbung anzuzeigen, die f\u00fcr Sie von Interesse ist, unsere Website f\u00fcr Sie interessanter zu gestalten und eine faire Berechnung von Werbe-Kosten zu erreichen.<\/p>\n<p>Das Cookie f\u00fcr Conversion-Tracking wird gesetzt, wenn ein Nutzer auf eine von Google geschaltete AdWords-Anzeige klickt. Bei Cookies handelt es sich um kleine Textdateien, die auf Ihrem Computersystem abgelegt werden. Diese Cookies verlieren in der Regel nach 30 Tagen ihre G\u00fcltigkeit und dienen nicht der pers\u00f6nlichen Identifizierung. Besucht der Nutzer bestimmte Seiten dieser Website und das Cookie ist noch nicht abgelaufen, k\u00f6nnen Google und wir erkennen, dass der Nutzer auf die Anzeige geklickt hat und zu dieser Seite weitergeleitet wurde. Jeder Google AdWords-Kunde erh\u00e4lt ein anderes Cookie. Cookies k\u00f6nnen somit nicht \u00fcber die Websites von AdWords-Kunden nachverfolgt werden. Die mithilfe des Conversion-Cookies eingeholten Informationen dienen dazu, Conversion-Statistiken f\u00fcr AdWords-Kunden zu erstellen, die sich f\u00fcr Conversion-Tracking entschieden haben. Die Kunden erfahren die Gesamtanzahl der Nutzer, die auf ihre Anzeige geklickt haben und zu einer mit einem Conversion-Tracking-Tag versehenen Seite weitergeleitet wurden. Sie erhalten jedoch keine Informationen, mit denen sich Nutzer pers\u00f6nlich identifizieren lassen. Wenn Sie nicht am Tracking teilnehmen m\u00f6chten, k\u00f6nnen Sie diese Nutzung blockieren, indem Sie das Cookie des Google Conversion-Trackings \u00fcber ihren Internet-Browser unter Nutzereinstellungen deaktivieren. Sie werden sodann nicht in die Conversion-Tracking Statistiken aufgenommen. Wir setzen Google Adwords auf Grund unseres berechtigten Interesses an einer zielgerichteten Werbung gem. Art. 6 Abs. 1 lit. f DSGVO ein.<\/p>\n<p>Google LLC mit Sitz in den USA ist f\u00fcr das us-europ\u00e4ische Datenschutz\u00fcbereinkommen \u201ePrivacy Shield\u201c zertifiziert, welches die Einhaltung des in der EU geltenden Datenschutzniveaus gew\u00e4hrleistet.<\/p>\n<p>Unter der nachstehenden Internetadresse erhalten Sie weitere Informationen \u00fcber die Datenschutzbestimmungen von Google: http:\/\/www.google.de\/policies\/privacy\/<\/p>\n<p>Sie k\u00f6nnen Cookies f\u00fcr Anzeigenvorgaben dauerhaft deaktivieren, indem Sie diese durch eine entsprechende Einstellung Ihrer Browser-Software verhindern oder das unter folgendem Link verf\u00fcgbare Browser-Plug-in herunterladen und installieren:<br \/>\nhttp:\/\/www.google.com\/settings\/ads\/plugin?hl=de<\/p>\n<p>Bitte beachten Sie, dass bestimmte Funktionen dieser Website m\u00f6glicherweise nicht oder nur eingeschr\u00e4nkt genutzt werden k\u00f6nnen, wenn Sie die Verwendung von Cookies deaktiviert haben.<\/p>\n<h2 class=\"western\">7) Webanalysedienste<\/h2>\n<p>Google (Universal) Analytics<\/p>\n<p>&#8211; Google Analytics<br \/>\nDiese Website benutzt Google Analytics, einen Webanalysedienst der Google LLC, 1600 Amphitheatre Parkway, Mountain View, CA 94043, USA (&#8222;Google&#8220;). Google Analytics verwendet sog. &#8222;Cookies&#8220;, Textdateien, die auf Ihrem Computer gespeichert werden und die eine Analyse der Benutzung der Website durch Sie erm\u00f6glichen. Die durch das Cookie erzeugten Informationen \u00fcber Ihre Benutzung dieser Website (einschlie\u00dflich der gek\u00fcrzten IP-Adresse) werden in der Regel an einen Server von Google in den USA \u00fcbertragen und dort gespeichert.<br \/>\nDiese Website verwendet Google Analytics ausschlie\u00dflich mit der Erweiterung &#8222;_anonymizeIp()&#8220;, die eine Anonymisierung der IP-Adresse durch K\u00fcrzung sicherstellt und eine direkte Personenbeziehbarkeit ausschlie\u00dft. Durch die Erweiterung wird Ihre IP-Adresse von Google innerhalb von Mitgliedstaaten der Europ\u00e4ischen Union oder in anderen Vertragsstaaten des Abkommens \u00fcber den Europ\u00e4ischen Wirtschaftsraum zuvor gek\u00fcrzt. Nur in Ausnahmef\u00e4llen wird die volle IP-Adresse an einen Server von Google in den USA \u00fcbertragen und dort gek\u00fcrzt. In diesen Ausnahmef\u00e4llen erfolgt diese Verarbeitung gem\u00e4\u00df Art. 6 Abs. 1 lit. f DSGVO auf Grundlage unseres berechtigten Interesses an der statistischen Analyse des Nutzerverhaltens zu Optimierungs- und Marketingzwecken.<br \/>\nIn unserem Auftrag wird Google diese Informationen benutzen, um Ihre Nutzung der Website auszuwerten, um Reports \u00fcber die Websiteaktivit\u00e4ten zusammenzustellen und um weitere mit der Websitenutzung und der Internetnutzung verbundene Dienstleistungen uns gegen\u00fcber zu erbringen. Die im Rahmen von Google Analytics von Ihrem Browser \u00fcbermittelte IP-Adresse wird nicht mit anderen Daten von Google zusammengef\u00fchrt.<br \/>\nSie k\u00f6nnen die Speicherung der Cookies durch eine entsprechende Einstellung Ihrer Browser-Software verhindern; wir weisen Sie jedoch darauf hin, dass Sie in diesem Fall gegebenenfalls nicht s\u00e4mtliche Funktionen dieser Website vollumf\u00e4nglich werden nutzen k\u00f6nnen. Sie k\u00f6nnen dar\u00fcber hinaus die Erfassung der durch das Cookie erzeugten und auf Ihre Nutzung der Website bezogenen Daten (inkl. Ihrer IP-Adresse) an Google sowie die Verarbeitung dieser Daten durch Google verhindern, indem Sie das unter dem folgenden Link verf\u00fcgbare Browser-Plugin herunterladen und installieren:<br \/>\nhttp:\/\/tools.google.com\/dlpage\/gaoptout?hl=de<br \/>\nAlternativ zum Browser-Plugin oder innerhalb von Browsern auf mobilen Ger\u00e4ten klicken Sie bitte auf den folgenden Link, um ein Opt-Out-Cookie zu setzen, der die Erfassung durch Google Analytics innerhalb dieser Website zuk\u00fcnftig verhindert (dieses Opt-Out-Cookie funktioniert nur in diesem Browser und nur f\u00fcr diese Domain, l\u00f6schen Sie Ihre Cookies in diesem Browser, m\u00fcssen Sie diesen Link erneut klicken): <a>Google Analytics deaktivieren<\/a><br \/>\nGoogle LLC mit Sitz in den USA ist f\u00fcr das us-europ\u00e4ische Datenschutz\u00fcbereinkommen \u201ePrivacy Shield\u201c zertifiziert, welches die Einhaltung des in der EU geltenden Datenschutzniveaus gew\u00e4hrleistet.<br \/>\nMehr Informationen zum Umgang mit Nutzerdaten bei Google Analytics finden Sie in der Datenschutzerkl\u00e4rung von Google: https:\/\/support.google.com\/analytics\/answer\/6004245?hl=de<\/p>\n<h2 class=\"western\">8) Tools und Sonstiges<\/h2>\n<p>Google Maps<\/p>\n<p>Auf unserer Website verwenden wir Google Maps (API) von Google LLC., 1600 Amphitheatre Parkway, Mountain View, CA 94043, USA (\u201cGoogle\u201d). Google Maps ist ein Webdienst zur Darstellung von interaktiven (Land-)Karten, um geographische Informationen visuell darzustellen. \u00dcber die Nutzung dieses Dienstes wird Ihnen unser Standort angezeigt und eine etwaige Anfahrt erleichtert.<\/p>\n<p>Bereits beim Aufrufen derjenigen Unterseiten, in die die Karte von Google Maps eingebunden ist, werden Informationen \u00fcber Ihre Nutzung unserer Website (wie z.B. Ihre IP-Adresse) an Server von Google in den USA \u00fcbertragen und dort gespeichert. Dies erfolgt unabh\u00e4ngig davon, ob Google ein Nutzerkonto bereitstellt, \u00fcber das Sie eingeloggt sind, oder ob kein Nutzerkonto besteht. Wenn Sie bei Google eingeloggt sind, werden Ihre Daten direkt Ihrem Konto zugeordnet. Wenn Sie die Zuordnung mit Ihrem Profil bei Google nicht w\u00fcnschen, m\u00fcssen Sie sich vor Aktivierung des Buttons ausloggen. Google speichert Ihre Daten (selbst f\u00fcr nicht eingeloggte Nutzer) als Nutzungsprofile und wertet diese aus. Eine solche Auswertung erfolgt insbesondere gem\u00e4\u00df Art. 6 Abs. 1 lit.f DSGVO auf Basis der berechtigten Interessen von Google an der Einblendung personalisierter Werbung, Marktforschung und\/oder bedarfsgerechten Gestaltung seiner Website. Ihnen steht ein Widerspruchsrecht zu gegen die Bildung dieser Nutzerprofile, wobei Sie sich zur Aus\u00fcbung dessen an Google richten m\u00fcssen.<\/p>\n<p>Google LLC mit Sitz in den USA ist f\u00fcr das us-europ\u00e4ische Datenschutz\u00fcbereinkommen \u201ePrivacy Shield\u201c zertifiziert, welches die Einhaltung des in der EU geltenden Datenschutzniveaus gew\u00e4hrleistet.<\/p>\n<p>Wenn Sie mit der k\u00fcnftigen \u00dcbermittlung Ihrer Daten an Google im Rahmen der Nutzung von Google Maps nicht einverstanden sind, besteht auch die M\u00f6glichkeit, den Webdienst von Google Maps vollst\u00e4ndig zu deaktivieren, indem Sie die Anwendung JavaScript in Ihrem Browser ausschalten. Google Maps und damit auch die Kartenanzeige auf dieser Internetseite kann dann nicht genutzt werden.<\/p>\n<p>Die Nutzungsbedingungen von Google k\u00f6nnen Sie unter http:\/\/www.google.de\/intl\/de\/policies\/terms\/regional.html einsehen, die zus\u00e4tzlichen Nutzungsbedingungen f\u00fcr Google Maps finden Sie unter https:\/\/www.google.com\/intl\/de_US\/help\/terms_maps.html<br \/>\nAusf\u00fchrliche Informationen zum Datenschutz im Zusammenhang mit der Verwendung von Google Maps finden Sie auf der Internetseite von Google (\u201eGoogle Privacy Policy\u201c): http:\/\/www.google.de\/intl\/de\/policies\/privacy\/<\/p>\n<h2 class=\"western\">9) Rechte des Betroffenen<\/h2>\n<p><b>9.1<\/b>\u2009Das geltende Datenschutzrecht gew\u00e4hrt Ihnen gegen\u00fcber dem Verantwortlichen hinsichtlich der Verarbeitung Ihrer personenbezogenen Daten umfassende Betroffenenrechte (Auskunfts- und Interventionsrechte), \u00fcber die wir Sie nachstehend informieren:<\/p>\n<ul>\n<li>Auskunftsrecht gem\u00e4\u00df Art. 15 DSGVO: Sie haben insbesondere ein Recht auf Auskunft \u00fcber Ihre von uns verarbeiteten personenbezogenen Daten, die Verarbeitungszwecke, die Kategorien der verarbeiteten personenbezogenen Daten, die Empf\u00e4nger oder Kategorien von Empf\u00e4ngern, gegen\u00fcber denen Ihre Daten offengelegt wurden oder werden, die geplante Speicherdauer bzw. die Kriterien f\u00fcr die Festlegung der Speicherdauer, das Bestehen eines Rechts auf Berichtigung, L\u00f6schung, Einschr\u00e4nkung der Verarbeitung, Widerspruch gegen die Verarbeitung, Beschwerde bei einer Aufsichtsbeh\u00f6rde, die Herkunft Ihrer Daten, wenn diese nicht durch uns bei Ihnen erhoben wurden, das Bestehen einer automatisierten Entscheidungsfindung einschlie\u00dflich Profiling und ggf. aussagekr\u00e4ftige Informationen \u00fcber die involvierte Logik und die Sie betreffende Tragweite und die angestrebten Auswirkungen einer solchen Verarbeitung, sowie Ihr Recht auf Unterrichtung, welche Garantien gem\u00e4\u00df Art. 46 DSGVO bei Weiterleitung Ihrer Daten in Drittl\u00e4nder bestehen;<\/li>\n<li>Recht auf Berichtigung gem\u00e4\u00df Art. 16 DSGVO: Sie haben ein Recht auf unverz\u00fcgliche Berichtigung Sie betreffender unrichtiger Daten und\/oder Vervollst\u00e4ndigung Ihrer bei uns gespeicherten unvollst\u00e4ndigen Daten;<\/li>\n<li>Recht auf L\u00f6schung gem\u00e4\u00df Art. 17 DSGVO: Sie haben das Recht, die L\u00f6schung Ihrer personenbezogenen Daten bei Vorliegen der Voraussetzungen des Art. 17 Abs. 1 DSGVO zu verlangen. Dieses Recht besteht jedoch insbesondere dann nicht, wenn die Verarbeitung zur Aus\u00fcbung des Rechts auf freie Meinungs\u00e4u\u00dferung und Information, zur Erf\u00fcllung einer rechtlichen Verpflichtung, aus Gr\u00fcnden des \u00f6ffentlichen Interesses oder zur Geltendmachung, Aus\u00fcbung oder Verteidigung von Rechtsanspr\u00fcchen erforderlich ist;<\/li>\n<li>Recht auf Einschr\u00e4nkung der Verarbeitung gem\u00e4\u00df Art. 18 DSGVO: Sie haben das Recht, die Einschr\u00e4nkung der Verarbeitung Ihrer personenbezogenen Daten zu verlangen, solange die von Ihnen bestrittene Richtigkeit Ihrer Daten \u00fcberpr\u00fcft wird, wenn Sie eine L\u00f6schung Ihrer Daten wegen unzul\u00e4ssiger Datenverarbeitung ablehnen und stattdessen die Einschr\u00e4nkung der Verarbeitung Ihrer Daten verlangen, wenn Sie Ihre Daten zur Geltendmachung, Aus\u00fcbung oder Verteidigung von Rechtsanspr\u00fcchen ben\u00f6tigen, nachdem wir diese Daten nach Zweckerreichung nicht mehr ben\u00f6tigen oder wenn Sie Widerspruch aus Gr\u00fcnden Ihrer besonderen Situation eingelegt haben, solange noch nicht feststeht, ob unsere berechtigten Gr\u00fcnde \u00fcberwiegen;<\/li>\n<li>Recht auf Unterrichtung gem\u00e4\u00df Art. 19 DSGVO: Haben Sie das Recht auf Berichtigung, L\u00f6schung oder Einschr\u00e4nkung der Verarbeitung gegen\u00fcber dem Verantwortlichen geltend gemacht, ist dieser verpflichtet, allen Empf\u00e4ngern, denen die Sie betreffenden personenbezogenen Daten offengelegt wurden, diese Berichtigung oder L\u00f6schung der Daten oder Einschr\u00e4nkung der Verarbeitung mitzuteilen, es sei denn, dies erweist sich als unm\u00f6glich oder ist mit einem unverh\u00e4ltnism\u00e4\u00dfigen Aufwand verbunden. Ihnen steht das Recht zu, \u00fcber diese Empf\u00e4nger unterrichtet zu werden.<\/li>\n<li>Recht auf Daten\u00fcbertragbarkeit gem\u00e4\u00df Art. 20 DSGVO: Sie haben das Recht, Ihre personenbezogenen Daten, die Sie uns bereitgestellt haben, in einem strukturierten, g\u00e4ngigen und maschinenlesebaren Format zu erhalten oder die \u00dcbermittlung an einen anderen Verantwortlichen zu verlangen, soweit dies technisch machbar ist;<\/li>\n<li>Recht auf Widerruf erteilter Einwilligungen gem\u00e4\u00df Art. 7 Abs. 3 DSGVO: Sie haben das Recht, eine einmal erteilte Einwilligung in die Verarbeitung von Daten jederzeit mit Wirkung f\u00fcr die Zukunft zu widerrufen. Im Falle des Widerrufs werden wir die betroffenen Daten unverz\u00fcglich l\u00f6schen, sofern eine weitere Verarbeitung nicht auf eine Rechtsgrundlage zur einwilligungslosen Verarbeitung gest\u00fctzt werden kann. Durch den Widerruf der Einwilligung wird die Rechtm\u00e4\u00dfigkeit der aufgrund der Einwilligung bis zum Widerruf erfolgten Verarbeitung nicht ber\u00fchrt;<\/li>\n<li>Recht auf Beschwerde gem\u00e4\u00df Art. 77 DSGVO: Wenn Sie der Ansicht sind, dass die Verarbeitung der Sie betreffenden personenbezogenen Daten gegen die DSGVO verst\u00f6\u00dft, haben Sie &#8211; unbeschadet eines anderweitigen verwaltungsrechtlichen oder gerichtlichen Rechtsbehelfs &#8211; das Recht auf Beschwerde bei einer Aufsichtsbeh\u00f6rde, insbesondere in dem Mitgliedstaat Ihres Aufenthaltsortes, Ihres Arbeitsplatzes oder des Ortes des mutma\u00dflichen Versto\u00dfes.<\/li>\n<\/ul>\n<p><b>9.2<\/b>\u2009Widerspruchsrecht<\/p>\n<p>Wenn wir im Rahmen einer Interessenabw\u00e4gung Ihre personenbezogenen Daten aufgrund unseres \u00fcberwiegenden berechtigten Interesses verarbeiten, haben Sie das jederzeitige Recht, aus Gr\u00fcnden, die sich aus Ihrer besonderen Situation ergeben, gegen diese Verarbeitung Widerspruch mit Wirkung f\u00fcr die Zukunft einzulegen.<\/p>\n<p>Machen Sie von Ihrem Widerspruchsrecht Gebrauch, beenden wir die Verarbeitung der betroffenen Daten. Eine Weiterverarbeitung bleibt aber vorbehalten, wenn wir zwingende Gr\u00fcnde f\u00fcr die Verarbeitung nachweisen k\u00f6nnen, die Ihre Interessen, Grundrechte und Grundfreiheiten \u00fcberwiegen, oder wenn die Verarbeitung der Geltendmachung, Aus\u00fcbung oder Verteidigung von Rechtsanspr\u00fcchen dient.<\/p>\n<p>Werden Ihre personenbezogenen Daten von uns verarbeitet, um Direktwerbung zu betreiben, haben Sie das Recht, jederzeit Widerspruch gegen die Verarbeitung Sie betreffender personenbezogener Daten zum Zwecke derartiger Werbung einzulegen. Sie k\u00f6nnen den Widerspruch wie oben beschrieben aus\u00fcben.<\/p>\n<p>Machen Sie von Ihrem Widerspruchsrecht Gebrauch, beenden wir die Verarbeitung der betroffenen Daten zu Direktwerbezwecken.<\/p>\n<h2 class=\"western\">10) Dauer der Speicherung personenbezogener Daten<\/h2>\n<p>Die Dauer der Speicherung von personenbezogenen Daten bemisst sich anhand der jeweiligen gesetzlichen Aufbewahrungsfrist (z.B. handels- und steuerrechtliche Aufbewahrungsfristen). Nach Ablauf der Frist werden die entsprechenden Daten routinem\u00e4\u00dfig gel\u00f6scht, sofern sie nicht mehr zur Vertragserf\u00fcllung oder Vertragsanbahnung erforderlich sind und\/oder unsererseits kein berechtigtes Interesse an der Weiterspeicherung fortbesteht.<\/p>\n<p>&nbsp;<br \/>\n<a href=\"http:\/\/www.it-recht-kanzlei.de\/Service\/rechtstexte_fuer_onlineshops.php\" target=\"_blank\" rel=\"noopener\"><img loading=\"lazy\" decoding=\"async\" src=\"https:\/\/www.it-recht-kanzlei.de\/gfx\/Information\/Copyright_DS_box.jpg\" name=\"Grafik1\" width=\"78\" height=\"40\" border=\"0\" align=\"BOTTOM\"><\/a><\/p>\n","protected":false},"excerpt":{"rendered":"<p>Datenschutzerkl\u00e4rung 1) Information \u00fcber die Erhebung personenbezogener Daten und Kontaktdaten des Verantwortlichen 1.1\u2009Wir freuen uns, dass Sie unsere Website besuchen und bedanken uns f\u00fcr Ihr Interesse. Im Folgenden informieren wir Sie \u00fcber den Umgang mit Ihren personenbezogenen Daten bei Nutzung unserer Website. Personenbezogene Daten sind hierbei alle Daten, mit denen Sie pers\u00f6nlich identifiziert werden k\u00f6nnen. [&hellip;]<\/p>\n","protected":false},"author":2,"featured_media":0,"parent":20,"menu_order":0,"comment_status":"closed","ping_status":"closed","template":"","meta":{"ngg_post_thumbnail":0,"footnotes":""},"class_list":["post-1219","page","type-page","status-publish","hentry"],"_links":{"self":[{"href":"http:\/\/gegenstein.de\/index.php?rest_route=\/wp\/v2\/pages\/1219","targetHints":{"allow":["GET"]}}],"collection":[{"href":"http:\/\/gegenstein.de\/index.php?rest_route=\/wp\/v2\/pages"}],"about":[{"href":"http:\/\/gegenstein.de\/index.php?rest_route=\/wp\/v2\/types\/page"}],"author":[{"embeddable":true,"href":"http:\/\/gegenstein.de\/index.php?rest_route=\/wp\/v2\/users\/2"}],"replies":[{"embeddable":true,"href":"http:\/\/gegenstein.de\/index.php?rest_route=%2Fwp%2Fv2%2Fcomments&post=1219"}],"version-history":[{"count":1,"href":"http:\/\/gegenstein.de\/index.php?rest_route=\/wp\/v2\/pages\/1219\/revisions"}],"predecessor-version":[{"id":1220,"href":"http:\/\/gegenstein.de\/index.php?rest_route=\/wp\/v2\/pages\/1219\/revisions\/1220"}],"up":[{"embeddable":true,"href":"http:\/\/gegenstein.de\/index.php?rest_route=\/wp\/v2\/pages\/20"}],"wp:attachment":[{"href":"http:\/\/gegenstein.de\/index.php?rest_route=%2Fwp%2Fv2%2Fmedia&parent=1219"}],"curies":[{"name":"wp","href":"https:\/\/api.w.org\/{rel}","templated":true}]}}